{"id":102,"date":"2015-07-14T16:12:07","date_gmt":"2015-07-14T16:12:07","guid":{"rendered":"http:\/\/test.kriesi.at\/minimal-portfolio\/?page_id=102"},"modified":"2021-10-21T12:08:42","modified_gmt":"2021-10-21T12:08:42","slug":"home","status":"publish","type":"page","link":"https:\/\/www.notariasagrarioalvarez.com\/","title":{"rendered":"Home"},"content":{"rendered":"<div id='av_section_1'  class='avia-section main_color avia-section-no-padding avia-no-border-styling  avia-full-stretch av-section-color-overlay-active avia-bg-style-scroll  avia-builder-el-0  el_before_av_hr  avia-builder-el-first   av-minimum-height av-minimum-height-25  container_wrap fullsize' style='background-repeat: no-repeat; background-image: url(https:\/\/www.notariasagrarioalvarez.com\/wp-content\/uploads\/2021\/09\/notario-sagrario-alvarez-jimenez-banner-interna-4.jpg);background-attachment: scroll; background-position: center center;  '  data-section-bg-repeat='stretch' data-av_minimum_height_pc='25'><div class='av-section-color-overlay-wrap'><div class='av-section-color-overlay' style='opacity: 0.6; background-color: #314f45; '><\/div><div class='container' ><main  role=\"main\" itemprop=\"mainContentOfPage\"  class='template-page content  av-content-full alpha units'><div class='post-entry post-entry-type-page post-entry-102'><div class='entry-content-wrapper clearfix'>\n<div class=\"flex_column av_one_full  av-animated-generic left-to-right  flex_column_div av-zero-column-padding first  avia-builder-el-1  avia-builder-el-no-sibling  \" style='margin-top:0px; margin-bottom:0px; border-radius:0px; '><div  style='padding-bottom:0px; margin-top:150px; margin-bottom:150px; color:#ffffff;font-size:5vw;' class='av-special-heading av-special-heading-h2 custom-color-heading blockquote modern-quote modern-centered  avia-builder-el-2  avia-builder-el-no-sibling  av-inherit-size '><h2 class='av-special-heading-tag '  itemprop=\"headline\"  >M\u00aa SAGRARIO \u00c1LVAREZ JIM\u00c9NEZ, NOTARIO DE GETAFE<\/h2><div class='special-heading-border'><div class='special-heading-inner-border' style='border-color:#ffffff'><\/div><\/div><\/div><\/div><\/div><\/div><\/main><!-- close content main element --><\/div><\/div><\/div><div id='after_section_1'  class='main_color av_default_container_wrap container_wrap fullsize' style=' '  ><div class='container' ><div class='template-page content  av-content-full alpha units'><div class='post-entry post-entry-type-page post-entry-102'><div class='entry-content-wrapper clearfix'><div  style=' margin-top:30px; margin-bottom:30px;'  class='hr hr-custom hr-center hr-icon-yes   avia-builder-el-3  el_after_av_section  el_before_av_section  avia-builder-el-no-sibling '><span class='hr-inner   inner-border-av-border-thin' style=' width:50px;' ><span class='hr-inner-style'><\/span><\/span><span class='av-seperator-icon'  aria-hidden='true' data-av_icon='\uf10d' data-av_iconfont='justice'><\/span><span class='hr-inner   inner-border-av-border-thin' style=' width:50px;' ><span class='hr-inner-style'><\/span><\/span><\/div><\/p>\n<\/div><\/div><\/div><!-- close content main div --><\/div><\/div><div id='av_section_2'  class='avia-section main_color avia-section-default avia-no-border-styling  avia-bg-style-scroll  avia-builder-el-4  el_after_av_hr  el_before_av_section   container_wrap fullsize' style='background-color: #314f45;background-image: linear-gradient(45deg,#314f45,#1e4f39); '  ><div class='container' ><div class='template-page content  av-content-full alpha units'><div class='post-entry post-entry-type-page post-entry-102'><div class='entry-content-wrapper clearfix'>\n<div class='flex_column_table av-equal-height-column-flextable -flextable' ><div class=\"flex_column av_one_full  flex_column_table_cell av-equal-height-column av-align-middle av-zero-column-padding first  avia-builder-el-5  avia-builder-el-no-sibling  \" style='border-radius:0px; '><p><div  style='padding-bottom:30px; color:#ffffff;font-size:27px;' class='av-special-heading av-special-heading-h4 custom-color-heading blockquote modern-quote modern-centered  avia-builder-el-6  el_before_av_button  avia-builder-el-first  av-inherit-size '><h4 class='av-special-heading-tag '  itemprop=\"headline\"  >Si buscas servicios de notar\u00eda profesionales<\/h4><div class ='av-subheading av-subheading_below av_custom_color ' style='font-size:15px;'><p>\u00a1ll\u00e1manos!<\/p>\n<\/div><div class='special-heading-border'><div class='special-heading-inner-border' style='border-color:#ffffff'><\/div><\/div><\/div><br \/>\n<div  class='avia-button-wrap avia-button-center  avia-builder-el-7  el_after_av_heading  avia-builder-el-last ' ><a href='https:\/\/www.notariasagrarioalvarez.com\/index.php\/get-in-touch\/'  class='avia-button av-icon-on-hover  avia-icon_select-yes-right-icon avia-color-custom avia-size-large avia-position-center '  style='background-color:#ffffff; border-color:#ffffff; color:#000000; ' ><span class='avia_iconbox_title' >Contacto<\/span><span class='avia_button_icon avia_button_icon_right' aria-hidden='true' data-av_icon='\ue854' data-av_iconfont='entypo-fontello'><\/span><\/a><\/div><\/p><\/div><\/div><!--close column table wrapper. Autoclose: 1 -->\n\n<\/div><\/div><\/div><!-- close content main div --><\/div><\/div><div id='av_section_3'  class='avia-section main_color avia-section-huge avia-no-border-styling  avia-bg-style-scroll  avia-builder-el-8  el_after_av_section  el_before_av_section   container_wrap fullsize' style=' '  ><div class='container' ><div class='template-page content  av-content-full alpha units'><div class='post-entry post-entry-type-page post-entry-102'><div class='entry-content-wrapper clearfix'>\n<div  style='padding-bottom:0px; margin:0 0 0 0; font-size:50px;' class='av-special-heading av-special-heading-h3  blockquote modern-quote modern-centered  avia-builder-el-9  el_before_av_textblock  avia-builder-el-first  av-inherit-size '><h3 class='av-special-heading-tag '  itemprop=\"headline\"  >Presentaci\u00f3n<\/h3><div class='special-heading-border'><div class='special-heading-inner-border' ><\/div><\/div><\/div>\n<section class=\"av_textblock_section \"  itemscope=\"itemscope\" itemtype=\"https:\/\/schema.org\/CreativeWork\" ><div class='avia_textblock  '   itemprop=\"text\" ><div class=\"module text\">\n<p class=\"subtitle\">En la\u00a0<a href=\"https:\/\/www.notariasagrarioalvarez.com\/la-notaria\" data-track-event=\"click\" data-track-action=\"internal_link_clicked\">Notar\u00eda de Mar\u00eda Sagrario \u00c1lvarez Jim\u00e9nez<\/a>\u00a0estamos dotados de los equipos, programas inform\u00e1ticos, medios humanos y t\u00e9cnicos necesarios para el adecuado ejercicio de la funci\u00f3n notarial.<\/p>\n<\/div>\n<\/div><\/section>\n<div  style=' margin-top:50px; margin-bottom:65px;'  class='hr hr-custom hr-center hr-icon-yes   avia-builder-el-11  el_after_av_textblock  el_before_av_one_third '><span class='hr-inner   inner-border-av-border-thin' style=' width:50px; border-color:#d3d3d3;' ><span class='hr-inner-style'><\/span><\/span><span class='av-seperator-icon' style='color:#072f4c;' aria-hidden='true' data-av_icon='\uf119' data-av_iconfont='justice'><\/span><span class='hr-inner   inner-border-av-border-thin' style=' width:50px; border-color:#d3d3d3;' ><span class='hr-inner-style'><\/span><\/span><\/div>\n<div class='flex_column_table av-equal-height-column-flextable -flextable' style='margin-top:0px; margin-bottom:0px; '><div class=\"flex_column av_one_third  av-animated-generic left-to-right  flex_column_table_cell av-equal-height-column av-align-middle first  avia-builder-el-12  el_after_av_hr  el_before_av_one_third  \" style='background: #314f45; padding:40px; background-color:#314f45; border-radius:3px; '><p><span  class=\"av_font_icon avia_animate_when_visible avia-icon-animate  av-icon-style-  avia-icon-pos-center \" style=\"color:#ffffff; border-color:#ffffff;\"><span class='av-icon-char' style='font-size:70px;line-height:70px;' aria-hidden='true' data-av_icon='\ue84d' data-av_iconfont='entypo-fontello' ><\/span><\/span><br \/>\n<div  style='padding-bottom:10px; margin-top:25; color:#ffffff;' class='av-special-heading av-special-heading-h2 custom-color-heading blockquote modern-quote modern-centered  avia-builder-el-14  el_after_av_font_icon  el_before_av_hr  '><h2 class='av-special-heading-tag '  itemprop=\"headline\"  >La notar\u00eda<\/h2><div class='special-heading-border'><div class='special-heading-inner-border' style='border-color:#ffffff'><\/div><\/div><\/div><br \/>\n<div  style='height:20px' class='hr hr-invisible   avia-builder-el-15  el_after_av_heading  el_before_av_button '><span class='hr-inner ' ><span class='hr-inner-style'><\/span><\/span><\/div><br \/>\n<div  class='avia-button-wrap avia-button-center  avia-builder-el-16  el_after_av_hr  avia-builder-el-last ' ><a href='https:\/\/www.notariasagrarioalvarez.com\/index.php\/practice-areas\/'  class='avia-button av-icon-on-hover  avia-icon_select-yes-right-icon avia-color-custom avia-size-large avia-position-center '  style='background-color:#ffffff; border-color:#ffffff; color:#0a0a0a; ' ><span class='avia_iconbox_title' >M\u00e1s informaci\u00f3n<\/span><span class='avia_button_icon avia_button_icon_right' aria-hidden='true' data-av_icon='\ue879' data-av_iconfont='entypo-fontello'><\/span><\/a><\/div><\/p><\/div><div class='av-flex-placeholder'><\/div><div class=\"flex_column av_one_third  av-animated-generic left-to-right  flex_column_table_cell av-equal-height-column av-align-middle   avia-builder-el-17  el_after_av_one_third  el_before_av_one_third  \" style='background:linear-gradient(45deg,#314f45,#3b6657); padding:40px; background-color:#094978; border-radius:3px; '><p><span  class=\"av_font_icon avia_animate_when_visible avia-icon-animate  av-icon-style-  avia-icon-pos-center \" style=\"color:#ffffff; border-color:#ffffff;\"><span class='av-icon-char' style='font-size:70px;line-height:70px;' aria-hidden='true' data-av_icon='\ue862' data-av_iconfont='entypo-fontello' ><\/span><\/span><br \/>\n<div  style='padding-bottom:10px; margin-top:25; color:#ffffff;' class='av-special-heading av-special-heading-h2 custom-color-heading blockquote modern-quote modern-centered  avia-builder-el-19  el_after_av_font_icon  el_before_av_hr  '><h2 class='av-special-heading-tag '  itemprop=\"headline\"  >Horario<\/h2><div class='special-heading-border'><div class='special-heading-inner-border' style='border-color:#ffffff'><\/div><\/div><\/div><br \/>\n<div  style='height:20px' class='hr hr-invisible   avia-builder-el-20  el_after_av_heading  el_before_av_button '><span class='hr-inner ' ><span class='hr-inner-style'><\/span><\/span><\/div><br \/>\n<div  class='avia-button-wrap avia-button-center  avia-builder-el-21  el_after_av_hr  avia-builder-el-last ' ><a href='https:\/\/www.notariasagrarioalvarez.com\/index.php\/get-in-touch\/'  class='avia-button av-icon-on-hover  avia-icon_select-yes-right-icon avia-color-custom avia-size-large avia-position-center '  style='background-color:#ffffff; border-color:#ffffff; color:#0a0a0a; ' ><span class='avia_iconbox_title' >M\u00e1s informaci\u00f3n<\/span><span class='avia_button_icon avia_button_icon_right' aria-hidden='true' data-av_icon='\ue879' data-av_iconfont='entypo-fontello'><\/span><\/a><\/div><\/p><\/div><div class='av-flex-placeholder'><\/div><div class=\"flex_column av_one_third  av-animated-generic left-to-right  flex_column_table_cell av-equal-height-column av-align-middle   avia-builder-el-22  el_after_av_one_third  avia-builder-el-last  \" style='background: #314f45; padding:40px; background-color:#314f45; border-radius:3px; '><p><span  class=\"av_font_icon avia_animate_when_visible avia-icon-animate  av-icon-style-  avia-icon-pos-center \" style=\"color:#ffffff; border-color:#ffffff;\"><span class='av-icon-char' style='font-size:70px;line-height:70px;' aria-hidden='true' data-av_icon='\ue841' data-av_iconfont='entypo-fontello' ><\/span><\/span><br \/>\n<div  style='padding-bottom:10px; margin-top:25; color:#ffffff;' class='av-special-heading av-special-heading-h2 custom-color-heading blockquote modern-quote modern-centered  avia-builder-el-24  el_after_av_font_icon  el_before_av_hr  '><h2 class='av-special-heading-tag '  itemprop=\"headline\"  >D\u00f3nde estamos<\/h2><div class='special-heading-border'><div class='special-heading-inner-border' style='border-color:#ffffff'><\/div><\/div><\/div><br \/>\n<div  style='height:20px' class='hr hr-invisible   avia-builder-el-25  el_after_av_heading  el_before_av_button '><span class='hr-inner ' ><span class='hr-inner-style'><\/span><\/span><\/div><br \/>\n<div  class='avia-button-wrap avia-button-center  avia-builder-el-26  el_after_av_hr  avia-builder-el-last ' ><a href='https:\/\/www.notariasagrarioalvarez.com\/index.php\/practice-areas\/'  class='avia-button av-icon-on-hover  avia-icon_select-yes-right-icon avia-color-custom avia-size-large avia-position-center '  style='background-color:#ffffff; border-color:#ffffff; color:#0a0a0a; ' ><span class='avia_iconbox_title' >M\u00e1s informaci\u00f3n<\/span><span class='avia_button_icon avia_button_icon_right' aria-hidden='true' data-av_icon='\ue879' data-av_iconfont='entypo-fontello'><\/span><\/a><\/div><\/p><\/div><\/div><!--close column table wrapper. Autoclose: 1 -->\n\n<\/div><\/div><\/div><!-- close content main div --><\/div><\/div><div id='av_section_4'  class='avia-section main_color avia-section-default avia-no-border-styling  avia-bg-style-scroll  avia-builder-el-27  el_after_av_section  el_before_av_masonry_gallery   container_wrap fullsize' style='background-color: #314f45;background-image: linear-gradient(45deg,#314f45,#294f41); '  ><div class='container' ><div class='template-page content  av-content-full alpha units'><div class='post-entry post-entry-type-page post-entry-102'><div class='entry-content-wrapper clearfix'>\n<div class='flex_column_table av-equal-height-column-flextable -flextable' ><div class=\"flex_column av_one_third  flex_column_table_cell av-equal-height-column av-align-middle av-zero-column-padding first  avia-builder-el-28  el_before_av_one_third  avia-builder-el-first  \" style='border-radius:0px; '><div  class=\"avia-animated-number av-force-default-color  avia-color-font-light  avia-builder-el-29  avia-builder-el-no-sibling  avia_animate_when_visible\"  data-timer=\"3000\"><strong class=\"heading avia-animated-number-title\" ><span class=\"avia-no-number\">+<\/span><span class=\"avia-single-number __av-single-number\" data-number_format=\"\" data-number=\"30\" data-start_from=\"0\">30<\/span><\/strong><div class='avia-animated-number-content' ><p> a\u00f1os de experiencia<\/p>\n<\/div><\/div><\/div><div class='av-flex-placeholder'><\/div><div class=\"flex_column av_one_third  flex_column_table_cell av-equal-height-column av-align-middle av-zero-column-padding   avia-builder-el-30  el_after_av_one_third  el_before_av_one_third  \" style='border-radius:0px; '><div  class=\"avia-animated-number av-force-default-color  avia-color-font-light  avia-builder-el-31  avia-builder-el-no-sibling  avia_animate_when_visible\"  data-timer=\"3000\"><strong class=\"heading avia-animated-number-title\" ><span class=\"avia-no-number\">+ <\/span><span class=\"avia-single-number __av-single-number\" data-number_format=\"\" data-number=\"500\" data-start_from=\"0\">500<\/span><\/strong><div class='avia-animated-number-content' ><p>casos atendidos<\/p>\n<\/div><\/div><\/div><div class='av-flex-placeholder'><\/div><div class=\"flex_column av_one_third  flex_column_table_cell av-equal-height-column av-align-middle av-zero-column-padding   avia-builder-el-32  el_after_av_one_third  avia-builder-el-last  \" style='border-radius:0px; '><div  class=\"avia-animated-number av-force-default-color  avia-color-font-light  avia-builder-el-33  avia-builder-el-no-sibling  avia_animate_when_visible\"  data-timer=\"3000\"><strong class=\"heading avia-animated-number-title\" ><span class=\"avia-no-number\">+ <\/span><span class=\"avia-single-number __av-single-number\" data-number_format=\"\" data-number=\"99\" data-start_from=\"0\">99<\/span><span class=\"avia-no-number\">%<\/span><\/strong><div class='avia-animated-number-content' ><p>clientes satisfechos<\/p>\n<\/div><\/div><\/div><\/div><!--close column table wrapper. Autoclose: 1 -->\n\n<div id='av-masonry-1' class='av-masonry  noHover av-flex-size av-large-gap av-hover-overlay-active av-masonry-animation-active av-masonry-col-flexible av-caption-always av-caption-style- av-masonry-gallery     '  ><div class='av-masonry-container isotope av-js-disabled ' ><div class='av-masonry-entry isotope-item av-masonry-item-no-image '><\/div><a href=\"https:\/\/www.notariasagrarioalvarez.com\/wp-content\/uploads\/2021\/09\/notario-sagrario-alvarez-jimenez-sala-de-firmas-1.jpg\" id='av-masonry-1-item-866' data-av-masonry-item='866' class='av-masonry-entry isotope-item post-866 attachment type-attachment status-inherit hentry  av-masonry-item-with-image' title=\"notario-sagrario-alvarez-jimenez-sala-de-firmas-1\"  itemprop=\"thumbnailUrl\" ><div class='av-inner-masonry-sizer'><\/div><figure class='av-inner-masonry main_color'><div class=\"av-masonry-outerimage-container\"><div class=\"av-masonry-image-container\" ><img decoding=\"async\" src=\"https:\/\/www.notariasagrarioalvarez.com\/wp-content\/uploads\/2021\/09\/notario-sagrario-alvarez-jimenez-sala-de-firmas-1.jpg\" title=\"notario-sagrario-alvarez-jimenez-sala-de-firmas-1\" alt=\"\" \/><\/div><\/div><\/figure><\/a><!--end av-masonry entry--><a href=\"https:\/\/www.notariasagrarioalvarez.com\/wp-content\/uploads\/2021\/09\/notario-sagrario-alvarez-jimenez-servicios-notariales-7.jpg\" id='av-masonry-1-item-868' data-av-masonry-item='868' class='av-masonry-entry isotope-item post-868 attachment type-attachment status-inherit hentry  av-masonry-item-with-image' title=\"notario-sagrario-alvarez-jimenez-servicios-notariales-7\"  itemprop=\"thumbnailUrl\" ><div class='av-inner-masonry-sizer'><\/div><figure class='av-inner-masonry main_color'><div class=\"av-masonry-outerimage-container\"><div class=\"av-masonry-image-container\" ><img decoding=\"async\" src=\"https:\/\/www.notariasagrarioalvarez.com\/wp-content\/uploads\/2021\/09\/notario-sagrario-alvarez-jimenez-servicios-notariales-7.jpg\" title=\"notario-sagrario-alvarez-jimenez-servicios-notariales-7\" alt=\"\" \/><\/div><\/div><\/figure><\/a><!--end av-masonry entry--><a href=\"https:\/\/www.notariasagrarioalvarez.com\/wp-content\/uploads\/2021\/09\/notario-sagrario-alvarez-jimenez-servicios-notariales-6-1.jpg\" id='av-masonry-1-item-867' data-av-masonry-item='867' class='av-masonry-entry isotope-item post-867 attachment type-attachment status-inherit hentry  av-masonry-item-with-image' title=\"notario-sagrario-alvarez-jimenez-servicios-notariales-6 (1)\"  itemprop=\"thumbnailUrl\" ><div class='av-inner-masonry-sizer'><\/div><figure class='av-inner-masonry main_color'><div class=\"av-masonry-outerimage-container\"><div class=\"av-masonry-image-container\" ><img decoding=\"async\" src=\"https:\/\/www.notariasagrarioalvarez.com\/wp-content\/uploads\/2021\/09\/notario-sagrario-alvarez-jimenez-servicios-notariales-6-1.jpg\" title=\"notario-sagrario-alvarez-jimenez-servicios-notariales-6 (1)\" alt=\"\" \/><\/div><\/div><\/figure><\/a><!--end av-masonry entry--><a href=\"https:\/\/www.notariasagrarioalvarez.com\/wp-content\/uploads\/2021\/09\/notario-sagrario-alvarez-jimenez-servicios-notariales-6.jpg\" id='av-masonry-1-item-872' data-av-masonry-item='872' class='av-masonry-entry isotope-item post-872 attachment type-attachment status-inherit hentry  av-masonry-item-with-image' title=\"notario-sagrario-alvarez-jimenez-servicios-notariales-6\"  itemprop=\"thumbnailUrl\" ><div class='av-inner-masonry-sizer'><\/div><figure class='av-inner-masonry main_color'><div class=\"av-masonry-outerimage-container\"><div class=\"av-masonry-image-container\" ><img decoding=\"async\" src=\"https:\/\/www.notariasagrarioalvarez.com\/wp-content\/uploads\/2021\/09\/notario-sagrario-alvarez-jimenez-servicios-notariales-6.jpg\" title=\"notario-sagrario-alvarez-jimenez-servicios-notariales-6\" alt=\"\" \/><\/div><\/div><\/figure><\/a><!--end av-masonry entry--><\/div><\/div>\n<div class=\"flex_column av_one_fourth  av-animated-generic top-to-bottom  flex_column_div av-zero-column-padding first  avia-builder-el-35  el_after_av_masonry_gallery  el_before_av_one_half  avia-builder-el-first  \" style='border-radius:0px; '><section class=\"av_textblock_section \"  itemscope=\"itemscope\" itemtype=\"https:\/\/schema.org\/CreativeWork\" ><div class='avia_textblock  '   itemprop=\"text\" ><div id=\"m2099\" class=\"module text\">\n<h2 class=\"subtitle\">D\u00f3nde estamos<\/h2>\n<\/div>\n<div id=\"m4732\" class=\"module text\">\n<h3 class=\"smallsubtitle\">DIRECCI\u00d3N<\/h3>\n<\/div>\n<div id=\"m4685\" class=\"module text\">\n<p class=\"bodytext\">Calle Madrid, 85, 2 Planta<\/p>\n<p class=\"bodytext\">28902,\u00a0Getafe,\u00a0Madrid,\u00a0Espa\u00f1a<\/p>\n<\/div>\n<div id=\"m3264\" class=\"module text\">\n<h3 class=\"smallsubtitle\">TEL\u00c9FONO<\/h3>\n<\/div>\n<div id=\"m1120\" class=\"module text\">\n<p class=\"bodytext\"><a href=\"tel:911088888\" data-global=\"phone\" data-track-event=\"click\" data-track-action=\"phone_link\">911 088 888<\/a><\/p>\n<\/div>\n<div id=\"m4407\" class=\"module text\">\n<h3 class=\"smallsubtitle\">EMAIL<\/h3>\n<\/div>\n<div id=\"m4102\" class=\"module text\">\n<p class=\"bodytext\"><a href=\"mailto:msalvarez@correonotarial.org\" data-track-event=\"click\" data-track-action=\"email_link\">msalvarez@correonotarial.org<\/a><\/p>\n<\/div>\n<\/div><\/section><\/div>\n<div class=\"flex_column av_one_half  av-animated-generic bottom-to-top  flex_column_div av-zero-column-padding   avia-builder-el-37  el_after_av_one_fourth  el_before_av_one_fourth  \" style='border-radius:0px; '><\/div>\n<div class=\"flex_column av_one_fourth  av-animated-generic top-to-bottom  flex_column_div av-zero-column-padding   avia-builder-el-39  el_after_av_one_half  avia-builder-el-last  \" style='border-radius:0px; '><section class=\"av_textblock_section \"  itemscope=\"itemscope\" itemtype=\"https:\/\/schema.org\/CreativeWork\" ><div class='avia_textblock  '   itemprop=\"text\" ><div id=\"m2099\" class=\"module text\">\n<h2 class=\"subtitle\"><img loading=\"lazy\" decoding=\"async\" class=\"alignnone size-medium wp-image-880\" src=\"http:\/\/www.notariasagrarioalvarez.com\/wp-content\/uploads\/2021\/09\/notario-sagrario-alvarez-jimenez-logo-2-218x300.png\" alt=\"\" width=\"218\" height=\"300\" srcset=\"https:\/\/www.notariasagrarioalvarez.com\/wp-content\/uploads\/2021\/09\/notario-sagrario-alvarez-jimenez-logo-2-218x300.png 218w, https:\/\/www.notariasagrarioalvarez.com\/wp-content\/uploads\/2021\/09\/notario-sagrario-alvarez-jimenez-logo-2.png 385w\" sizes=\"auto, (max-width: 218px) 100vw, 218px\" \/><\/h2>\n<\/div>\n<div id=\"m4102\" class=\"module text\"><\/div>\n<\/div><\/section><\/div>\n","protected":false},"excerpt":{"rendered":"","protected":false},"author":1,"featured_media":0,"parent":0,"menu_order":0,"comment_status":"open","ping_status":"closed","template":"","meta":{"footnotes":""},"class_list":["post-102","page","type-page","status-publish","hentry"],"_links":{"self":[{"href":"https:\/\/www.notariasagrarioalvarez.com\/index.php\/wp-json\/wp\/v2\/pages\/102","targetHints":{"allow":["GET"]}}],"collection":[{"href":"https:\/\/www.notariasagrarioalvarez.com\/index.php\/wp-json\/wp\/v2\/pages"}],"about":[{"href":"https:\/\/www.notariasagrarioalvarez.com\/index.php\/wp-json\/wp\/v2\/types\/page"}],"author":[{"embeddable":true,"href":"https:\/\/www.notariasagrarioalvarez.com\/index.php\/wp-json\/wp\/v2\/users\/1"}],"replies":[{"embeddable":true,"href":"https:\/\/www.notariasagrarioalvarez.com\/index.php\/wp-json\/wp\/v2\/comments?post=102"}],"version-history":[{"count":39,"href":"https:\/\/www.notariasagrarioalvarez.com\/index.php\/wp-json\/wp\/v2\/pages\/102\/revisions"}],"predecessor-version":[{"id":932,"href":"https:\/\/www.notariasagrarioalvarez.com\/index.php\/wp-json\/wp\/v2\/pages\/102\/revisions\/932"}],"wp:attachment":[{"href":"https:\/\/www.notariasagrarioalvarez.com\/index.php\/wp-json\/wp\/v2\/media?parent=102"}],"curies":[{"name":"wp","href":"https:\/\/api.w.org\/{rel}","templated":true}]}}