{"id":3,"date":"2021-09-03T15:01:30","date_gmt":"2021-09-03T15:01:30","guid":{"rendered":"http:\/\/www.notariasagrarioalvarez.com\/?page_id=3"},"modified":"2021-09-27T09:12:40","modified_gmt":"2021-09-27T09:12:40","slug":"privacy-policy","status":"publish","type":"page","link":"https:\/\/www.notariasagrarioalvarez.com\/index.php\/privacy-policy\/","title":{"rendered":"Privacy Policy"},"content":{"rendered":"\n<h1 class=\"wp-block-heading\">Pol\u00edtica de Privacidad<\/h1>\n\n\n\n<p>USO Y TRATAMIENTO DE DATOS DE CAR\u00c1CTER PERSONAL<\/p>\n\n\n\n<p>Le informamos que los datos de car\u00e1cter personal que pudieran proporcionarse, a trav\u00e9s de este sitio web, as\u00ed como los que pudiera facilitar en el futuro en el marco de su relaci\u00f3n jur\u00eddica con esta entidad, ser\u00e1n incorporados a nuestra base de datos.<\/p>\n\n\n\n<p>Se informa sobre los siguientes extremos relativos a la protecci\u00f3n de datos:<\/p>\n\n\n\n<ol class=\"wp-block-list\"><li><strong>Responsable del tratamiento<\/strong>: Somos responsables de los datos recogidos en el formulario correspondiente.<\/li><li><strong>Necesidad del tratamiento<\/strong>: La comunicaci\u00f3n de sus datos a trav\u00e9s del formulario correspondiente es obligatoria para podamos contactar.<\/li><li><strong>Finalidades del tratamiento y legitimaci\u00f3n del tratamiento<\/strong>:<ul><li>Gestionar, administrar, prestarle los servicios o facilitarle los productos que solicite y, en su caso, para el cumplimiento y ejecuci\u00f3n de los contratos que pudiera celebrar, conocer mejor sus gustos, adecuar los servicios a sus preferencias.<\/li><li>Enviarle, por correo postal, correo electr\u00f3nico y otros medios de comunicaci\u00f3n electr\u00f3nica equivalente, comunicaciones comerciales y publicitarias sobre nuestros productos y\/o servicios.<\/li><\/ul><\/li><li><strong>Destinatarios<\/strong>: Contratamos con alguna entidad que prestan servicios como los de mantenimiento y hosting, a trav\u00e9s de contratos de encargo del tratamiento para dar soporte a los fines de tratamiento indicados.<\/li><li><strong>Plazo de conservaci\u00f3n de datos<\/strong>: Conservaremos sus datos mientras se mantenga el tratamiento y no solicite la supresi\u00f3n de los mismos.<\/li><li><strong>Derechos<\/strong>: Podr\u00e1 ejercitar los derechos de acceso, rectificaci\u00f3n, supresi\u00f3n, limitaci\u00f3n al tratamiento, oposici\u00f3n, portabilidad y derecho a no ser objeto de una decisi\u00f3n basada \u00fanicamente en el tratamiento automatizado, mediante comunicaci\u00f3n escrita al domicilio indicado en el aviso legal y a revocar su consentimiento sin efectos retroactivos u oponerse a la recepci\u00f3n de comunicaciones comerciales publicitarias por email y otros medios de comunicaci\u00f3n electr\u00f3nica equivalente, enviando y a presentar una reclamaci\u00f3n ante la Autoridad de control, en Espa\u00f1a, la Agencia Espa\u00f1ola de Protecci\u00f3n de Datos.<\/li><li><strong>Modificaci\u00f3n de la pol\u00edtica de privacidad<\/strong>: Nos reservamos el derecho a modificar su Pol\u00edtica de Privacidad, de acuerdo a nuestro propio criterio, o motivado por un cambio doctrinal de la Autoridad competente en Protecci\u00f3n de Datos, legislativo o jurisprudencial. El uso de la Web despu\u00e9s de dichos cambios implicar\u00e1 la aceptaci\u00f3n de \u00e9stos.<\/li><li><strong>Legislaci\u00f3n aplicable<\/strong>: Cualquier controversia que se derive del uso de este Site, ser\u00e1 regida, interpretada y sometida de acuerdo con las leyes de Espa\u00f1a.<\/li><\/ol>\n","protected":false},"excerpt":{"rendered":"<p>Pol\u00edtica de Privacidad USO Y TRATAMIENTO DE DATOS DE CAR\u00c1CTER PERSONAL Le informamos que los datos de car\u00e1cter personal que pudieran proporcionarse, a trav\u00e9s de este sitio web, as\u00ed como los que pudiera facilitar en el futuro en el marco de su relaci\u00f3n jur\u00eddica con esta entidad, ser\u00e1n incorporados a nuestra base de datos. Se [&hellip;]<\/p>\n","protected":false},"author":1,"featured_media":0,"parent":0,"menu_order":0,"comment_status":"closed","ping_status":"open","template":"","meta":{"footnotes":""},"class_list":["post-3","page","type-page","status-publish","hentry"],"_links":{"self":[{"href":"https:\/\/www.notariasagrarioalvarez.com\/index.php\/wp-json\/wp\/v2\/pages\/3","targetHints":{"allow":["GET"]}}],"collection":[{"href":"https:\/\/www.notariasagrarioalvarez.com\/index.php\/wp-json\/wp\/v2\/pages"}],"about":[{"href":"https:\/\/www.notariasagrarioalvarez.com\/index.php\/wp-json\/wp\/v2\/types\/page"}],"author":[{"embeddable":true,"href":"https:\/\/www.notariasagrarioalvarez.com\/index.php\/wp-json\/wp\/v2\/users\/1"}],"replies":[{"embeddable":true,"href":"https:\/\/www.notariasagrarioalvarez.com\/index.php\/wp-json\/wp\/v2\/comments?post=3"}],"version-history":[{"count":1,"href":"https:\/\/www.notariasagrarioalvarez.com\/index.php\/wp-json\/wp\/v2\/pages\/3\/revisions"}],"predecessor-version":[{"id":881,"href":"https:\/\/www.notariasagrarioalvarez.com\/index.php\/wp-json\/wp\/v2\/pages\/3\/revisions\/881"}],"wp:attachment":[{"href":"https:\/\/www.notariasagrarioalvarez.com\/index.php\/wp-json\/wp\/v2\/media?parent=3"}],"curies":[{"name":"wp","href":"https:\/\/api.w.org\/{rel}","templated":true}]}}