{"id":821,"date":"2018-05-03T15:19:25","date_gmt":"2018-05-03T15:19:25","guid":{"rendered":"http:\/\/wpoffice\/enfold-lawyer\/?page_id=821"},"modified":"2021-12-07T10:58:17","modified_gmt":"2021-12-07T10:58:17","slug":"faq","status":"publish","type":"page","link":"https:\/\/www.notariasagrarioalvarez.com\/index.php\/faq\/","title":{"rendered":"FAQ"},"content":{"rendered":"<div id='av_section_1'  class='avia-section main_color avia-section-default avia-no-border-styling  avia-full-stretch av-section-color-overlay-active avia-bg-style-scroll  avia-builder-el-0  el_before_av_section  avia-builder-el-first   av-minimum-height av-minimum-height-custom  container_wrap fullsize' style='background-repeat: no-repeat; background-image: url(https:\/\/www.notariasagrarioalvarez.com\/wp-content\/uploads\/2018\/05\/hero-blurred.jpg);background-attachment: scroll; background-position: center center;  '  data-section-bg-repeat='stretch'><div class='av-section-color-overlay-wrap'><div class='av-section-color-overlay' style='opacity: 0.6; background-color: #314f45; '><\/div><div class='container' style='height:230px'><main  role=\"main\" itemprop=\"mainContentOfPage\"  class='template-page content  av-content-full alpha units'><div class='post-entry post-entry-type-page post-entry-821'><div class='entry-content-wrapper clearfix'>\n<div class=\"flex_column av_one_full  av-animated-generic left-to-right  flex_column_div av-zero-column-padding first  avia-builder-el-1  avia-builder-el-no-sibling  \" style='margin-top:0px; margin-bottom:0px; border-radius:0px; '><div  style='padding-bottom:0px; margin:0 0 0 0; color:#ffffff;font-size:5vw;' class='av-special-heading av-special-heading-h2 custom-color-heading blockquote modern-quote modern-centered  avia-builder-el-2  avia-builder-el-no-sibling  av-inherit-size '><h2 class='av-special-heading-tag '  itemprop=\"headline\"  >FAQ<\/h2><div class='special-heading-border'><div class='special-heading-inner-border' style='border-color:#ffffff'><\/div><\/div><\/div><\/div>\n\n<\/div><\/div><\/main><!-- close content main element --><\/div><\/div><\/div><div id='av_section_2'  class='avia-section main_color avia-section-large avia-no-border-styling  avia-bg-style-scroll  avia-builder-el-3  el_after_av_section  avia-builder-el-last   container_wrap fullsize' style=' '  ><div class='container' ><div class='template-page content  av-content-full alpha units'><div class='post-entry post-entry-type-page post-entry-821'><div class='entry-content-wrapper clearfix'>\n<div class=\"flex_column av_one_half  flex_column_div av-zero-column-padding first  avia-builder-el-4  el_before_av_one_half  avia-builder-el-first  \" style='border-radius:0px; '><p><div  style='padding-bottom:10px; ' class='av-special-heading av-special-heading-h2  blockquote modern-quote  avia-builder-el-5  el_before_av_textblock  avia-builder-el-first  '><h2 class='av-special-heading-tag '  itemprop=\"headline\"  >\u00bfEn qu\u00e9 cuestiones puede ayudarme un Notario?<\/h2><div class='special-heading-border'><div class='special-heading-inner-border' ><\/div><\/div><\/div><br \/>\n<section class=\"av_textblock_section \"  itemscope=\"itemscope\" itemtype=\"https:\/\/schema.org\/CreativeWork\" ><div class='avia_textblock  '   itemprop=\"text\" ><ul>\n<li>Con la elaboraci\u00f3n de testamentos<\/li>\n<li>Con la disoluci\u00f3n del matrimonio en ciertas situaciones<\/li>\n<li>Con la documentaci\u00f3n relativa a sociedades de capital<\/li>\n<\/ul>\n<p>No dudes en contactar con la Notar\u00eda de Sagrario \u00c1lvarez si quieres saber en todo lo que podemos ayudarte.<\/p>\n<\/div><\/section><\/p><\/div><div class=\"flex_column av_one_half  flex_column_div av-zero-column-padding   avia-builder-el-7  el_after_av_one_half  el_before_av_hr  \" style='border-radius:0px; '><p><div  style='padding-bottom:10px; ' class='av-special-heading av-special-heading-h2  blockquote modern-quote  avia-builder-el-8  el_before_av_textblock  avia-builder-el-first  '><h2 class='av-special-heading-tag '  itemprop=\"headline\"  >\u00bfCu\u00e1nto cobra un Notario?<\/h2><div class='special-heading-border'><div class='special-heading-inner-border' ><\/div><\/div><\/div><br \/>\n<section class=\"av_textblock_section \"  itemscope=\"itemscope\" itemtype=\"https:\/\/schema.org\/CreativeWork\" ><div class='avia_textblock  '   itemprop=\"text\" ><p>Los honorarios que perciben los Notarios vienen determinados por ley, es decir, cobran por arancel al igual que otros profesionales, como los procuradores y los registradores de la propiedad. Compartimos con vosotros el <a href=\"https:\/\/drive.google.com\/file\/d\/1xWyHhjFao5kfGrsZkStgxtr3V2mweiRa\/view?usp=sharing\"><strong>BOE n\u00fam. 150 de lunes 24 de junio de 2002<\/strong><\/a>, por el que se convierten de pesetas a euros los Aranceles de los Notarios y Registradores de la Propiedad y Mercantiles y que, actualmente sigue vigente.<\/p>\n<\/div><\/section><\/p><\/div><div  style=' margin-top:50px; margin-bottom:65px;'  class='hr hr-custom hr-center hr-icon-yes   avia-builder-el-10  el_after_av_one_half  el_before_av_one_half '><span class='hr-inner   inner-border-av-border-thin' style=' width:50px; border-color:#d3d3d3;' ><span class='hr-inner-style'><\/span><\/span><span class='av-seperator-icon' style='color:#072f4c;' aria-hidden='true' data-av_icon='\uf119' data-av_iconfont='justice'><\/span><span class='hr-inner   inner-border-av-border-thin' style=' width:50px; border-color:#d3d3d3;' ><span class='hr-inner-style'><\/span><\/span><\/div>\n<div class=\"flex_column av_one_half  flex_column_div av-zero-column-padding first  avia-builder-el-11  el_after_av_hr  el_before_av_one_half  \" style='border-radius:0px; '><p><div  style='padding-bottom:10px; ' class='av-special-heading av-special-heading-h2  blockquote modern-quote  avia-builder-el-12  el_before_av_textblock  avia-builder-el-first  '><h2 class='av-special-heading-tag '  itemprop=\"headline\"  >\u00bfUn Notario es lo mismo que un registrador de la propiedad?<\/h2><div class='special-heading-border'><div class='special-heading-inner-border' ><\/div><\/div><\/div><br \/>\n<section class=\"av_textblock_section \"  itemscope=\"itemscope\" itemtype=\"https:\/\/schema.org\/CreativeWork\" ><div class='avia_textblock  '   itemprop=\"text\" ><p>En absoluto. Un registrador de la propiedad califica bajo su responsabilidad la validez y legalidad de los actos dispositivos contenidos en escrituras p\u00fablicas, as\u00ed como de los documentos relativos a estos, autorizando o no los asientos que se pretenden en el Registro de la Propiedad. El Notario es un fedatario p\u00fablico y, junto al Letrado de la Administraci\u00f3n de Justicia (antiguo secretario judicial) es el \u00fanico funcionario p\u00fablico que ostenta la fe p\u00fablica. Su labor as\u00ed es la de dar fe p\u00fablica en los diversos actos que el ordenamiento jur\u00eddico espa\u00f1ol contempla (la realizaci\u00f3n del testamento, la compraventa de una vivienda, la apertura y modificaci\u00f3n de escrituras societarias, etc).<\/p>\n<\/div><\/section><\/p><\/div><div class=\"flex_column av_one_half  flex_column_div av-zero-column-padding   avia-builder-el-14  el_after_av_one_half  el_before_av_hr  \" style='border-radius:0px; '><p><div  style='padding-bottom:10px; ' class='av-special-heading av-special-heading-h2  blockquote modern-quote  avia-builder-el-15  el_before_av_textblock  avia-builder-el-first  '><h2 class='av-special-heading-tag '  itemprop=\"headline\"  >\u00bfPuedo ir al Notario que quiera o tengo que dirigirme a uno en concreto?<\/h2><div class='special-heading-border'><div class='special-heading-inner-border' ><\/div><\/div><\/div><br \/>\n<section class=\"av_textblock_section \"  itemscope=\"itemscope\" itemtype=\"https:\/\/schema.org\/CreativeWork\" ><div class='avia_textblock  '   itemprop=\"text\" ><p>Depende del asunto que se desee dirimir. Para actos tales como la elaboraci\u00f3n del testamento o la firma de una hipoteca, as\u00ed como para otorgar fe p\u00fablica al acto de compraventa, la Ley concede a los ciudadanos la libre elecci\u00f3n del Notario. Para otros, sin embargo, con ciertas especificidades, como la contrataci\u00f3n de determinados servicios bancarios, el cliente contar\u00e1 con algunas limitaciones que debemos conocer antes de proceder. Te invitamos a ponerte en contacto con nosotros para aclarar todas tus dudas.<\/p>\n<\/div><\/section><\/p><\/div><div  style=' margin-top:50px; margin-bottom:65px;'  class='hr hr-custom hr-center hr-icon-yes   avia-builder-el-17  el_after_av_one_half  el_before_av_one_half '><span class='hr-inner   inner-border-av-border-thin' style=' width:50px; border-color:#d3d3d3;' ><span class='hr-inner-style'><\/span><\/span><span class='av-seperator-icon' style='color:#072f4c;' aria-hidden='true' data-av_icon='\uf119' data-av_iconfont='justice'><\/span><span class='hr-inner   inner-border-av-border-thin' style=' width:50px; border-color:#d3d3d3;' ><span class='hr-inner-style'><\/span><\/span><\/div>\n<div class=\"flex_column av_one_half  flex_column_div av-zero-column-padding first  avia-builder-el-18  el_after_av_hr  el_before_av_one_half  \" style='border-radius:0px; '><p><div  style='padding-bottom:10px; ' class='av-special-heading av-special-heading-h2  blockquote modern-quote  avia-builder-el-19  el_before_av_textblock  avia-builder-el-first  '><h2 class='av-special-heading-tag '  itemprop=\"headline\"  >\u00bfQu\u00e9 formaci\u00f3n tiene un Notario?<\/h2><div class='special-heading-border'><div class='special-heading-inner-border' ><\/div><\/div><\/div><br \/>\n<section class=\"av_textblock_section \"  itemscope=\"itemscope\" itemtype=\"https:\/\/schema.org\/CreativeWork\" ><div class='avia_textblock  '   itemprop=\"text\" ><p>Los Notarios cuentan con un extenso conocimiento del ordenamiento jur\u00eddico espa\u00f1ol que les viene dado en el inicio de su trayectoria profesional por la superaci\u00f3n de una de las oposiciones m\u00e1s duras de todas cuantas existen en Espa\u00f1a. Tienen, al igual que los jueces, el deber imperativo de conocer el Derecho ya que en su capacidad profesional ostentan la fe p\u00fablica, de crucial papel en m\u00faltiples actos dispositivos de Derecho en la vida de las personas. En la Notar\u00eda de Sagrario \u00c1lvarez conocemos perfectamente todas las cuestiones que puedas requerir de un Notario, ponte en contacto con nosotros para resolver tus dudas sin ning\u00fan compromiso.<\/p>\n<\/div><\/section><\/p><\/div><div class=\"flex_column av_one_half  flex_column_div av-zero-column-padding   avia-builder-el-21  el_after_av_one_half  avia-builder-el-last  \" style='border-radius:0px; '><p><div  style='padding-bottom:10px; ' class='av-special-heading av-special-heading-h2  blockquote modern-quote  avia-builder-el-22  el_before_av_textblock  avia-builder-el-first  '><h2 class='av-special-heading-tag '  itemprop=\"headline\"  >\u00bfCu\u00e1nto tarda un Notario en darme cita?<\/h2><div class='special-heading-border'><div class='special-heading-inner-border' ><\/div><\/div><\/div><br \/>\n<section class=\"av_textblock_section \"  itemscope=\"itemscope\" itemtype=\"https:\/\/schema.org\/CreativeWork\" ><div class='avia_textblock  '   itemprop=\"text\" ><p>En la Notar\u00eda Sagrario \u00c1lvarez trabajamos con diligencia y disciplina d\u00eda a d\u00eda para atender a nuestros clientes no s\u00f3lo lo mejor posible, sino tambi\u00e9n cuanto antes. Normalmente los tiempos de espera no son superiores a unos pocos d\u00edas para la mayor\u00eda de los actos que vayas a necesitar realizar. Te animamos a ponerte en contacto con nosotros por tel\u00e9fono para informarte sobre nuestros tiempos.<\/p>\n<\/div><\/section><\/p><\/div>\n","protected":false},"excerpt":{"rendered":"","protected":false},"author":1,"featured_media":0,"parent":0,"menu_order":0,"comment_status":"closed","ping_status":"closed","template":"","meta":{"footnotes":""},"class_list":["post-821","page","type-page","status-publish","hentry"],"_links":{"self":[{"href":"https:\/\/www.notariasagrarioalvarez.com\/index.php\/wp-json\/wp\/v2\/pages\/821","targetHints":{"allow":["GET"]}}],"collection":[{"href":"https:\/\/www.notariasagrarioalvarez.com\/index.php\/wp-json\/wp\/v2\/pages"}],"about":[{"href":"https:\/\/www.notariasagrarioalvarez.com\/index.php\/wp-json\/wp\/v2\/types\/page"}],"author":[{"embeddable":true,"href":"https:\/\/www.notariasagrarioalvarez.com\/index.php\/wp-json\/wp\/v2\/users\/1"}],"replies":[{"embeddable":true,"href":"https:\/\/www.notariasagrarioalvarez.com\/index.php\/wp-json\/wp\/v2\/comments?post=821"}],"version-history":[{"count":3,"href":"https:\/\/www.notariasagrarioalvarez.com\/index.php\/wp-json\/wp\/v2\/pages\/821\/revisions"}],"predecessor-version":[{"id":941,"href":"https:\/\/www.notariasagrarioalvarez.com\/index.php\/wp-json\/wp\/v2\/pages\/821\/revisions\/941"}],"wp:attachment":[{"href":"https:\/\/www.notariasagrarioalvarez.com\/index.php\/wp-json\/wp\/v2\/media?parent=821"}],"curies":[{"name":"wp","href":"https:\/\/api.w.org\/{rel}","templated":true}]}}